{"id":13085,"date":"2024-06-26T07:24:26","date_gmt":"2024-06-26T07:24:26","guid":{"rendered":"https:\/\/nefino.de\/logiciel\/"},"modified":"2024-12-17T12:17:41","modified_gmt":"2024-12-17T12:17:41","slug":"logiciel","status":"publish","type":"page","link":"https:\/\/nefino.de\/fr\/logiciel\/","title":{"rendered":"Logiciel"},"content":{"rendered":"<div class=\"fusion-fullwidth fullwidth-box fusion-builder-row-1 fusion-flex-container has-pattern-background has-mask-background nonhundred-percent-fullwidth non-hundred-percent-height-scrolling\" style=\"--awb-border-radius-top-left:0px;--awb-border-radius-top-right:0px;--awb-border-radius-bottom-right:0px;--awb-border-radius-bottom-left:0px;--awb-flex-wrap:wrap;\" ><div class=\"fusion-builder-row fusion-row fusion-flex-align-items-center fusion-flex-content-wrap\" style=\"max-width:1497.6px;margin-left: calc(-4% \/ 2 );margin-right: calc(-4% \/ 2 );\"><div class=\"fusion-layout-column fusion_builder_column fusion-builder-column-0 fusion_builder_column_1_1 1_1 fusion-flex-column\" style=\"--awb-bg-size:cover;--awb-width-large:100%;--awb-margin-top-large:0px;--awb-spacing-right-large:1.92%;--awb-margin-bottom-large:20px;--awb-spacing-left-large:1.92%;--awb-width-medium:100%;--awb-order-medium:0;--awb-spacing-right-medium:1.92%;--awb-spacing-left-medium:1.92%;--awb-width-small:100%;--awb-order-small:0;--awb-spacing-right-small:1.92%;--awb-spacing-left-small:1.92%;\" data-scroll-devices=\"small-visibility,medium-visibility,large-visibility\"><div class=\"fusion-column-wrapper fusion-column-has-shadow fusion-flex-justify-content-flex-start fusion-content-layout-column\"><div class=\"fusion-menu-anchor\" id=\"product\"><\/div><div class=\"fusion-title title fusion-title-1 fusion-sep-none fusion-title-center fusion-title-text fusion-title-size-two\"><h2 class=\"fusion-title-heading title-heading-center fusion-responsive-typography-calculated\" style=\"--fontSize:42;line-height:1.2;\">D\u00e9couvrez nos solutions logicielles<\/h2><\/div><div class=\"fusion-text fusion-text-1 largescreenmaintext\"><p style=\"text-align: center;\">Avec Nefino.LI News et Nefino.LI Geo, nous vous proposons deux solutions logicielles performantes, sp\u00e9cialement con\u00e7ues pour r\u00e9pondre aux besoins du secteur des \u00e9nergies renouvelables. Nefino.LI News vous informe des nouveaux sites prometteurs et des appels d&rsquo;offres \u00e0 venir, tandis que Nefino.LI Geo vous permet de v\u00e9rifier rapidement et pr\u00e9cis\u00e9ment l&rsquo;ad\u00e9quation des sites. Ensemble, ces outils soutiennent vos projets, de la s\u00e9curisation des surfaces \u00e0 la planification efficace des ressources.<\/p>\n<\/div><div class=\"fusion-content-boxes content-boxes columns row fusion-columns-2 fusion-columns-total-2 fusion-content-boxes-1 content-boxes-icon-boxed content-left fusion-no-small-visibility fusion-no-medium-visibility has-flex-alignment\" style=\"--awb-backgroundcolor:#f4f7fc;--awb-border-radius-top-left:1%;--awb-border-radius-top-right:1%;--awb-border-radius-bottom-right:1%;--awb-border-radius-bottom-left:1%;--awb-alignment:center;--awb-body-color:#000000;--awb-title-color:#12364c;--awb-iconcolor:#12364c;--awb-item-margin-top:2%;--awb-item-margin-bottom:2%;--awb-margin-top:4%;--awb-hover-accent-color:#0088aa;--awb-circle-hover-accent-color:transparent;\" data-animationOffset=\"top-into-view\"><div style=\"--awb-backgroundcolor:#f4f7fc;--awb-iconcolor:#12364c;\" class=\"fusion-column content-box-column content-box-column content-box-column-1 col-lg-6 col-md-6 col-sm-6 fusion-content-box-hover content-box-column-first-in-row\"><div class=\"col content-box-wrapper content-wrapper-background content-wrapper-boxed link-area-link-icon content-icon-wrapper-yes icon-hover-animation-fade\" data-animationOffset=\"top-into-view\"><div class=\"heading heading-with-icon icon-left\"><div class=\"icon\" style=\"position:absolute;width: 100%;top:-86px;\"><span ><i style=\"background-color:transparent;border-color:transparent;height:auto;width: 72px;line-height:normal;position:relative;left:auto;right:auto;top:auto;margin-left:auto;margin-right:auto;font-size:72px;\" aria-hidden=\"true\" class=\"fontawesome-icon fa-newspaper fas circle-no fa-flip-horizontal fa-rotate-270\"><\/i><\/span><\/div><div class=\"content-box-heading fusion-responsive-typography-calculated\" style=\"--body_typography-font-size:36px;--fontSize:36;line-height:0.83;\">Nefino.LI News<\/div><\/div><div class=\"fusion-clearfix\"><\/div><div class=\"content-container\">\n<p style=\"text-align: center;\">Dans notre solution logicielle Nefino.LI News, nous suivons chaque semaine et \u00e0 l&rsquo;\u00e9chelle nationale les appels d&rsquo;offres de propri\u00e9taires fonciers pour la location ou l&rsquo;achat de surfaces pour le d\u00e9veloppement d&rsquo;installations \u00e9oliennes et photovolta\u00efques ainsi que les d\u00e9signations de surfaces par les organismes de planification \u00e0 tous les niveaux &#8211; de la commune \u00e0 l&rsquo;\u00c9tat f\u00e9d\u00e9ral. En outre, nous pr\u00e9sentons chaque semaine l&rsquo;\u00e9tat actuel des d\u00e9signations de surfaces par les organismes de planification.<\/p>\n<div style=\"text-align:center;\"><a class=\"fusion-button button-flat fusion-button-default-size button-default fusion-button-default button-1 fusion-button-default-span fusion-button-default-type\" style=\"--button_margin-top:2%;\" target=\"_self\" href=\"https:\/\/nefino.de\/fr\/actualites-nefino-li\/\"><span class=\"fusion-button-text awb-button__text awb-button__text--default\">En savoir plus<\/span><\/a><\/div>\n<\/div><\/div><\/div><div style=\"--awb-backgroundcolor:#f4f7fc;--awb-iconcolor:#12364c;\" class=\"fusion-column content-box-column content-box-column content-box-column-2 col-lg-6 col-md-6 col-sm-6 fusion-content-box-hover content-box-column-last content-box-column-last-in-row\"><div class=\"col content-box-wrapper content-wrapper-background content-wrapper-boxed link-area-link-icon content-icon-wrapper-yes icon-hover-animation-fade\" data-animationOffset=\"top-into-view\"><div class=\"heading heading-with-icon icon-left\"><div class=\"icon\" style=\"position:absolute;width: 100%;top:-86px;\"><span ><i style=\"background-color:transparent;border-color:transparent;height:auto;width: 72px;line-height:normal;position:relative;left:auto;right:auto;top:auto;margin-left:auto;margin-right:auto;font-size:72px;\" aria-hidden=\"true\" class=\"fontawesome-icon fa-tools fas circle-no fa-flip-horizontal fa-rotate-270\"><\/i><\/span><\/div><div class=\"content-box-heading fusion-responsive-typography-calculated\" style=\"--body_typography-font-size:36px;--fontSize:36;line-height:0.83;\">Nefino.LI Geo<\/div><\/div><div class=\"fusion-clearfix\"><\/div><div class=\"content-container\">\n<p style=\"text-align: left;\">Nefino.LI Geo permet aux d\u00e9veloppeurs de projets d&rsquo;\u00e9valuer rapidement et pr\u00e9cis\u00e9ment l&rsquo;ad\u00e9quation des terrains pour les installations \u00e9oliennes et solaires sans avoir besoin de connaissances en SIG. Ce logiciel intuitif bas\u00e9 sur le web offre une base de donn\u00e9es g\u00e9ographiques compl\u00e8te et aide \u00e0 analyser les distances minimales, les pr\u00e9occupations en mati\u00e8re de protection de la nature et de l&rsquo;eau ainsi que les conflits potentiels. Une interface utilisateur bas\u00e9e sur un assistant facilite l&rsquo;ensemble du processus et les r\u00e9sultats peuvent \u00eatre int\u00e9gr\u00e9s de mani\u00e8re transparente dans des programmes SIG tels que QGIS.<\/p>\n<div style=\"text-align:center;\"><a class=\"fusion-button button-flat fusion-button-default-size button-default fusion-button-default button-2 fusion-button-default-span fusion-button-default-type\" style=\"--button_margin-top:2%;\" target=\"_self\" href=\"https:\/\/nefino.de\/fr\/nefino-li-geo\/\"><span class=\"fusion-button-text awb-button__text awb-button__text--default\">En savoir plus<\/span><\/a><\/div>\n<\/div><\/div><\/div><div class=\"fusion-clearfix\"><\/div><\/div><div class=\"fusion-content-boxes content-boxes columns row fusion-columns-1 fusion-columns-total-2 fusion-content-boxes-2 content-boxes-icon-boxed content-left fusion-no-large-visibility has-flex-alignment\" style=\"--awb-backgroundcolor:#f4f7fc;--awb-border-radius-top-left:1%;--awb-border-radius-top-right:1%;--awb-border-radius-bottom-right:1%;--awb-border-radius-bottom-left:1%;--awb-alignment:center;--awb-body-color:#000000;--awb-title-color:#12364c;--awb-iconcolor:#12364c;--awb-item-margin-top:2%;--awb-item-margin-bottom:2%;--awb-margin-top:4%;--awb-hover-accent-color:#0088aa;--awb-circle-hover-accent-color:transparent;\" data-animationOffset=\"top-into-view\"><div style=\"--awb-backgroundcolor:#f4f7fc;--awb-iconcolor:#12364c;\" class=\"fusion-column content-box-column content-box-column content-box-column-1 col-lg-12 col-md-12 col-sm-12 fusion-content-box-hover content-box-column-last-in-row\"><div class=\"col content-box-wrapper content-wrapper-background content-wrapper-boxed link-area-link-icon content-icon-wrapper-yes icon-hover-animation-fade\" data-animationOffset=\"top-into-view\"><div class=\"heading heading-with-icon icon-left\"><div class=\"icon\" style=\"position:absolute;width: 100%;top:-86px;\"><span ><i style=\"background-color:transparent;border-color:transparent;height:auto;width: 72px;line-height:normal;position:relative;left:auto;right:auto;top:auto;margin-left:auto;margin-right:auto;font-size:72px;\" aria-hidden=\"true\" class=\"fontawesome-icon fa-newspaper fas circle-no fa-flip-horizontal fa-rotate-270\"><\/i><\/span><\/div><div class=\"content-box-heading fusion-responsive-typography-calculated\" style=\"--body_typography-font-size:36px;--fontSize:36;line-height:0.83;\">Nefino.LI News<\/div><\/div><div class=\"fusion-clearfix\"><\/div><div class=\"content-container\">\n<p style=\"text-align: center;\">Dans notre solution logicielle Nefino.LI News, nous suivons chaque semaine et \u00e0 l&rsquo;\u00e9chelle nationale les appels d&rsquo;offres de propri\u00e9taires fonciers pour la location ou l&rsquo;achat de surfaces pour le d\u00e9veloppement d&rsquo;installations \u00e9oliennes et photovolta\u00efques ainsi que les d\u00e9signations de surfaces par les organismes de planification \u00e0 tous les niveaux &#8211; de la commune \u00e0 l&rsquo;\u00c9tat f\u00e9d\u00e9ral. En outre, nous pr\u00e9sentons chaque semaine l&rsquo;\u00e9tat actuel des d\u00e9signations de surfaces par les organismes de planification.<\/p>\n<div style=\"text-align:center;\"><a class=\"fusion-button button-flat fusion-button-default-size button-default fusion-button-default button-3 fusion-button-default-span fusion-button-default-type\" style=\"--button_margin-top:2%;\" target=\"_self\" href=\"https:\/\/nefino.de\/fr\/actualites-nefino-li\/\"><span class=\"fusion-button-text awb-button__text awb-button__text--default\">En savoir plus<\/span><\/a><\/div>\n<\/div><\/div><\/div><div style=\"--awb-backgroundcolor:#f4f7fc;--awb-iconcolor:#12364c;\" class=\"fusion-column content-box-column content-box-column content-box-column-2 col-lg-12 col-md-12 col-sm-12 fusion-content-box-hover content-box-column-last content-box-column-last-in-row\"><div class=\"col content-box-wrapper content-wrapper-background content-wrapper-boxed link-area-link-icon content-icon-wrapper-yes icon-hover-animation-fade\" data-animationOffset=\"top-into-view\"><div class=\"heading heading-with-icon icon-left\"><div class=\"icon\" style=\"position:absolute;width: 100%;top:-86px;\"><span ><i style=\"background-color:transparent;border-color:transparent;height:auto;width: 72px;line-height:normal;position:relative;left:auto;right:auto;top:auto;margin-left:auto;margin-right:auto;font-size:72px;\" aria-hidden=\"true\" class=\"fontawesome-icon fa-tools fas circle-no fa-flip-horizontal fa-rotate-270\"><\/i><\/span><\/div><div class=\"content-box-heading fusion-responsive-typography-calculated\" style=\"--body_typography-font-size:36px;--fontSize:36;line-height:0.83;\">Nefino.LI Geo<\/div><\/div><div class=\"fusion-clearfix\"><\/div><div class=\"content-container\">\n<p style=\"text-align: left;\">Nefino.LI Geo permet aux d\u00e9veloppeurs de projets d&rsquo;\u00e9valuer rapidement et pr\u00e9cis\u00e9ment l&rsquo;ad\u00e9quation des terrains pour les installations \u00e9oliennes et solaires sans avoir besoin de connaissances en SIG. Ce logiciel intuitif bas\u00e9 sur le web offre une base de donn\u00e9es g\u00e9ographiques compl\u00e8te et aide \u00e0 analyser les distances minimales, les pr\u00e9occupations en mati\u00e8re de protection de la nature et de l&rsquo;eau ainsi que les conflits potentiels. Une interface utilisateur bas\u00e9e sur un assistant facilite l&rsquo;ensemble du processus et les r\u00e9sultats peuvent \u00eatre int\u00e9gr\u00e9s de mani\u00e8re transparente dans des programmes SIG tels que QGIS.<\/p>\n<div style=\"text-align:center;\"><a class=\"fusion-button button-flat fusion-button-default-size button-default fusion-button-default button-4 fusion-button-default-span fusion-button-default-type\" style=\"--button_margin-top:2%;\" target=\"_self\" href=\"https:\/\/nefino.de\/fr\/nefino-li-geo\/\"><span class=\"fusion-button-text awb-button__text awb-button__text--default\">En savoir plus<\/span><\/a><\/div>\n<\/div><\/div><\/div><div class=\"fusion-clearfix\"><\/div><\/div><\/div><\/div><\/div><\/div>\n","protected":false},"excerpt":{"rendered":"","protected":false},"author":3,"featured_media":0,"parent":0,"menu_order":0,"comment_status":"closed","ping_status":"open","template":"100-width.php","meta":{"_acf_changed":false,"_crdt_document":"","content-type":"","footnotes":""},"class_list":["post-13085","page","type-page","status-publish","hentry"],"acf":[],"yoast_head":"<!-- This site is optimized with the Yoast SEO plugin v27.3 - https:\/\/yoast.com\/product\/yoast-seo-wordpress\/ -->\n<title>Logiciel \u00e9nergie \u00e9olienne - Utilisation efficace de l&#039;espace avec Nefino.LI<\/title>\n<meta name=\"description\" content=\"D\u00e9couvrez Nefino.LI News et Nefino.LI Geo - vos solutions logicielles pour une utilisation optimale des surfaces d&#039;\u00e9oliennes. Informez-vous sur les nouvelles surfaces et v\u00e9rifiez leur ad\u00e9quation rapidement et pr\u00e9cis\u00e9ment. Un d\u00e9veloppement de projet efficace pour le secteur de l&#039;\u00e9nergie \u00e9olienne.\" \/>\n<meta name=\"robots\" content=\"index, follow, max-snippet:-1, max-image-preview:large, max-video-preview:-1\" \/>\n<link rel=\"canonical\" href=\"https:\/\/nefino.de\/fr\/logiciel\/\" \/>\n<meta property=\"og:locale\" content=\"fr_FR\" \/>\n<meta property=\"og:type\" content=\"article\" \/>\n<meta property=\"og:title\" content=\"Logiciel \u00e9nergie \u00e9olienne - Utilisation efficace de l&#039;espace avec Nefino.LI\" \/>\n<meta property=\"og:description\" content=\"D\u00e9couvrez Nefino.LI News et Nefino.LI Geo - vos solutions logicielles pour une utilisation optimale des surfaces d&#039;\u00e9oliennes. Informez-vous sur les nouvelles surfaces et v\u00e9rifiez leur ad\u00e9quation rapidement et pr\u00e9cis\u00e9ment. Un d\u00e9veloppement de projet efficace pour le secteur de l&#039;\u00e9nergie \u00e9olienne.\" \/>\n<meta property=\"og:url\" content=\"https:\/\/nefino.de\/fr\/logiciel\/\" \/>\n<meta property=\"og:site_name\" content=\"Nefino\" \/>\n<meta property=\"article:publisher\" content=\"https:\/\/www.facebook.com\/nefino.de\/\" \/>\n<meta property=\"article:modified_time\" content=\"2024-12-17T12:17:41+00:00\" \/>\n<meta name=\"twitter:card\" content=\"summary_large_image\" \/>\n<meta name=\"twitter:label1\" content=\"Dur\u00e9e de lecture estim\u00e9e\" \/>\n\t<meta name=\"twitter:data1\" content=\"3 minutes\" \/>\n<script type=\"application\/ld+json\" class=\"yoast-schema-graph\">{\"@context\":\"https:\\\/\\\/schema.org\",\"@graph\":[{\"@type\":\"WebPage\",\"@id\":\"https:\\\/\\\/nefino.de\\\/fr\\\/logiciel\\\/\",\"url\":\"https:\\\/\\\/nefino.de\\\/fr\\\/logiciel\\\/\",\"name\":\"Logiciel \u00e9nergie \u00e9olienne - Utilisation efficace de l'espace avec Nefino.LI\",\"isPartOf\":{\"@id\":\"https:\\\/\\\/nefino.de\\\/fr\\\/#website\"},\"datePublished\":\"2024-06-26T07:24:26+00:00\",\"dateModified\":\"2024-12-17T12:17:41+00:00\",\"description\":\"D\u00e9couvrez Nefino.LI News et Nefino.LI Geo - vos solutions logicielles pour une utilisation optimale des surfaces d'\u00e9oliennes. Informez-vous sur les nouvelles surfaces et v\u00e9rifiez leur ad\u00e9quation rapidement et pr\u00e9cis\u00e9ment. Un d\u00e9veloppement de projet efficace pour le secteur de l'\u00e9nergie \u00e9olienne.\",\"breadcrumb\":{\"@id\":\"https:\\\/\\\/nefino.de\\\/fr\\\/logiciel\\\/#breadcrumb\"},\"inLanguage\":\"fr-FR\",\"potentialAction\":[{\"@type\":\"ReadAction\",\"target\":[\"https:\\\/\\\/nefino.de\\\/fr\\\/logiciel\\\/\"]}]},{\"@type\":\"BreadcrumbList\",\"@id\":\"https:\\\/\\\/nefino.de\\\/fr\\\/logiciel\\\/#breadcrumb\",\"itemListElement\":[{\"@type\":\"ListItem\",\"position\":1,\"name\":\"Startseite\",\"item\":\"https:\\\/\\\/nefino.de\\\/fr\\\/\"},{\"@type\":\"ListItem\",\"position\":2,\"name\":\"Logiciel\"}]},{\"@type\":\"WebSite\",\"@id\":\"https:\\\/\\\/nefino.de\\\/fr\\\/#website\",\"url\":\"https:\\\/\\\/nefino.de\\\/fr\\\/\",\"name\":\"Nefino\",\"description\":\"\",\"publisher\":{\"@id\":\"https:\\\/\\\/nefino.de\\\/fr\\\/#organization\"},\"potentialAction\":[{\"@type\":\"SearchAction\",\"target\":{\"@type\":\"EntryPoint\",\"urlTemplate\":\"https:\\\/\\\/nefino.de\\\/fr\\\/?s={search_term_string}\"},\"query-input\":{\"@type\":\"PropertyValueSpecification\",\"valueRequired\":true,\"valueName\":\"search_term_string\"}}],\"inLanguage\":\"fr-FR\"},{\"@type\":\"Organization\",\"@id\":\"https:\\\/\\\/nefino.de\\\/fr\\\/#organization\",\"name\":\"Nefino GmbH\",\"url\":\"https:\\\/\\\/nefino.de\\\/fr\\\/\",\"logo\":{\"@type\":\"ImageObject\",\"inLanguage\":\"fr-FR\",\"@id\":\"https:\\\/\\\/nefino.de\\\/fr\\\/#\\\/schema\\\/logo\\\/image\\\/\",\"url\":\"https:\\\/\\\/nefino.de\\\/wp-content\\\/uploads\\\/2024\\\/08\\\/Nefino_RGB.svg\",\"contentUrl\":\"https:\\\/\\\/nefino.de\\\/wp-content\\\/uploads\\\/2024\\\/08\\\/Nefino_RGB.svg\",\"width\":661,\"height\":172,\"caption\":\"Nefino GmbH\"},\"image\":{\"@id\":\"https:\\\/\\\/nefino.de\\\/fr\\\/#\\\/schema\\\/logo\\\/image\\\/\"},\"sameAs\":[\"https:\\\/\\\/www.facebook.com\\\/nefino.de\\\/\",\"https:\\\/\\\/www.instagram.com\\\/nefino.gmbh\\\/\"]}]}<\/script>\n<!-- \/ Yoast SEO plugin. -->","yoast_head_json":{"title":"Logiciel \u00e9nergie \u00e9olienne - Utilisation efficace de l'espace avec Nefino.LI","description":"D\u00e9couvrez Nefino.LI News et Nefino.LI Geo - vos solutions logicielles pour une utilisation optimale des surfaces d'\u00e9oliennes. Informez-vous sur les nouvelles surfaces et v\u00e9rifiez leur ad\u00e9quation rapidement et pr\u00e9cis\u00e9ment. Un d\u00e9veloppement de projet efficace pour le secteur de l'\u00e9nergie \u00e9olienne.","robots":{"index":"index","follow":"follow","max-snippet":"max-snippet:-1","max-image-preview":"max-image-preview:large","max-video-preview":"max-video-preview:-1"},"canonical":"https:\/\/nefino.de\/fr\/logiciel\/","og_locale":"fr_FR","og_type":"article","og_title":"Logiciel \u00e9nergie \u00e9olienne - Utilisation efficace de l'espace avec Nefino.LI","og_description":"D\u00e9couvrez Nefino.LI News et Nefino.LI Geo - vos solutions logicielles pour une utilisation optimale des surfaces d'\u00e9oliennes. Informez-vous sur les nouvelles surfaces et v\u00e9rifiez leur ad\u00e9quation rapidement et pr\u00e9cis\u00e9ment. Un d\u00e9veloppement de projet efficace pour le secteur de l'\u00e9nergie \u00e9olienne.","og_url":"https:\/\/nefino.de\/fr\/logiciel\/","og_site_name":"Nefino","article_publisher":"https:\/\/www.facebook.com\/nefino.de\/","article_modified_time":"2024-12-17T12:17:41+00:00","twitter_card":"summary_large_image","twitter_misc":{"Dur\u00e9e de lecture estim\u00e9e":"3 minutes"},"schema":{"@context":"https:\/\/schema.org","@graph":[{"@type":"WebPage","@id":"https:\/\/nefino.de\/fr\/logiciel\/","url":"https:\/\/nefino.de\/fr\/logiciel\/","name":"Logiciel \u00e9nergie \u00e9olienne - Utilisation efficace de l'espace avec Nefino.LI","isPartOf":{"@id":"https:\/\/nefino.de\/fr\/#website"},"datePublished":"2024-06-26T07:24:26+00:00","dateModified":"2024-12-17T12:17:41+00:00","description":"D\u00e9couvrez Nefino.LI News et Nefino.LI Geo - vos solutions logicielles pour une utilisation optimale des surfaces d'\u00e9oliennes. Informez-vous sur les nouvelles surfaces et v\u00e9rifiez leur ad\u00e9quation rapidement et pr\u00e9cis\u00e9ment. Un d\u00e9veloppement de projet efficace pour le secteur de l'\u00e9nergie \u00e9olienne.","breadcrumb":{"@id":"https:\/\/nefino.de\/fr\/logiciel\/#breadcrumb"},"inLanguage":"fr-FR","potentialAction":[{"@type":"ReadAction","target":["https:\/\/nefino.de\/fr\/logiciel\/"]}]},{"@type":"BreadcrumbList","@id":"https:\/\/nefino.de\/fr\/logiciel\/#breadcrumb","itemListElement":[{"@type":"ListItem","position":1,"name":"Startseite","item":"https:\/\/nefino.de\/fr\/"},{"@type":"ListItem","position":2,"name":"Logiciel"}]},{"@type":"WebSite","@id":"https:\/\/nefino.de\/fr\/#website","url":"https:\/\/nefino.de\/fr\/","name":"Nefino","description":"","publisher":{"@id":"https:\/\/nefino.de\/fr\/#organization"},"potentialAction":[{"@type":"SearchAction","target":{"@type":"EntryPoint","urlTemplate":"https:\/\/nefino.de\/fr\/?s={search_term_string}"},"query-input":{"@type":"PropertyValueSpecification","valueRequired":true,"valueName":"search_term_string"}}],"inLanguage":"fr-FR"},{"@type":"Organization","@id":"https:\/\/nefino.de\/fr\/#organization","name":"Nefino GmbH","url":"https:\/\/nefino.de\/fr\/","logo":{"@type":"ImageObject","inLanguage":"fr-FR","@id":"https:\/\/nefino.de\/fr\/#\/schema\/logo\/image\/","url":"https:\/\/nefino.de\/wp-content\/uploads\/2024\/08\/Nefino_RGB.svg","contentUrl":"https:\/\/nefino.de\/wp-content\/uploads\/2024\/08\/Nefino_RGB.svg","width":661,"height":172,"caption":"Nefino GmbH"},"image":{"@id":"https:\/\/nefino.de\/fr\/#\/schema\/logo\/image\/"},"sameAs":["https:\/\/www.facebook.com\/nefino.de\/","https:\/\/www.instagram.com\/nefino.gmbh\/"]}]}},"jetpack_shortlink":"https:\/\/wp.me\/PgOQ5D-3p3","_links":{"self":[{"href":"https:\/\/nefino.de\/fr\/wp-json\/wp\/v2\/pages\/13085","targetHints":{"allow":["GET"]}}],"collection":[{"href":"https:\/\/nefino.de\/fr\/wp-json\/wp\/v2\/pages"}],"about":[{"href":"https:\/\/nefino.de\/fr\/wp-json\/wp\/v2\/types\/page"}],"author":[{"embeddable":true,"href":"https:\/\/nefino.de\/fr\/wp-json\/wp\/v2\/users\/3"}],"replies":[{"embeddable":true,"href":"https:\/\/nefino.de\/fr\/wp-json\/wp\/v2\/comments?post=13085"}],"version-history":[{"count":4,"href":"https:\/\/nefino.de\/fr\/wp-json\/wp\/v2\/pages\/13085\/revisions"}],"predecessor-version":[{"id":13158,"href":"https:\/\/nefino.de\/fr\/wp-json\/wp\/v2\/pages\/13085\/revisions\/13158"}],"wp:attachment":[{"href":"https:\/\/nefino.de\/fr\/wp-json\/wp\/v2\/media?parent=13085"}],"curies":[{"name":"wp","href":"https:\/\/api.w.org\/{rel}","templated":true}]}}